{"id":16,"date":"2025-01-02T09:58:32","date_gmt":"2025-01-02T12:58:32","guid":{"rendered":"https:\/\/mwm-homolog.com\/?page_id=16"},"modified":"2025-11-25T21:03:49","modified_gmt":"2025-11-26T00:03:49","slug":"enterprise","status":"publish","type":"page","link":"https:\/\/mwm-homolog.com\/en\/enterprise\/","title":{"rendered":"The Company"},"content":{"rendered":"<p style=\"text-align: left!important;\"><b>MWM Company: Innovation and excellence in solutions for the most diverse segments.<\/b><\/p>","protected":false},"excerpt":{"rendered":"<p>MWM Company: Innovation and excellence in solutions for the most diverse segments.<\/p>","protected":false},"author":1,"featured_media":1114,"parent":0,"menu_order":0,"comment_status":"closed","ping_status":"closed","template":"","meta":{"_acf_changed":false,"inline_featured_image":false,"slim_seo":{"title":"A Empresa - MWM","description":"MWM Company: Innovation and excellence in solutions for the most diverse segments."},"footnotes":""},"class_list":["post-16","page","type-page","status-publish","has-post-thumbnail","hentry"],"acf":[],"yoast_head":"<!-- This site is optimized with the Yoast SEO Premium plugin v26.4 (Yoast SEO v27.4) - https:\/\/yoast.com\/product\/yoast-seo-premium-wordpress\/ -->\n<title>Empresa MWM: Excel\u00eancia nos mais diversos segmentos<\/title>\n<meta name=\"description\" content=\"Empresa: Conhe\u00e7a a MWM, refer\u00eancia em solu\u00e7\u00f5es dos mais diversos segmentos e com mais de 70 anos de excel\u00eancia. Integrante do grupo Tupy.\" \/>\n<meta name=\"robots\" content=\"index, follow, max-snippet:-1, max-image-preview:large, max-video-preview:-1\" \/>\n<link rel=\"canonical\" href=\"https:\/\/mwm-homolog.com\/en\/enterprise\/\" \/>\n<meta property=\"og:locale\" content=\"en_US\" \/>\n<meta property=\"og:type\" content=\"article\" \/>\n<meta property=\"og:title\" content=\"A Empresa\" \/>\n<meta property=\"og:description\" content=\"Empresa: Conhe\u00e7a a MWM, refer\u00eancia em solu\u00e7\u00f5es dos mais diversos segmentos e com mais de 70 anos de excel\u00eancia. Integrante do grupo Tupy.\" \/>\n<meta property=\"og:url\" content=\"https:\/\/mwm-homolog.com\/en\/enterprise\/\" \/>\n<meta property=\"og:site_name\" content=\"MWM\" \/>\n<meta property=\"article:modified_time\" content=\"2025-11-26T00:03:49+00:00\" \/>\n<meta property=\"og:image\" content=\"https:\/\/mwm-homolog.com\/wp-content\/uploads\/2025\/07\/hero_institucionais_02.jpg\" \/>\n\t<meta property=\"og:image:width\" content=\"609\" \/>\n\t<meta property=\"og:image:height\" content=\"600\" \/>\n\t<meta property=\"og:image:type\" content=\"image\/jpeg\" \/>\n<meta name=\"twitter:card\" content=\"summary_large_image\" \/>\n<meta name=\"twitter:label1\" content=\"Est. reading time\" \/>\n\t<meta name=\"twitter:data1\" content=\"2 minutes\" \/>\n<script type=\"application\/ld+json\" class=\"yoast-schema-graph\">{\"@context\":\"https:\\\/\\\/schema.org\",\"@graph\":[{\"@type\":\"WebPage\",\"@id\":\"https:\\\/\\\/mwm-homolog.com\\\/empresa\\\/\",\"url\":\"https:\\\/\\\/mwm-homolog.com\\\/empresa\\\/\",\"name\":\"Empresa MWM: Excel\u00eancia nos mais diversos segmentos\",\"isPartOf\":{\"@id\":\"https:\\\/\\\/mwm-homolog.com\\\/#website\"},\"primaryImageOfPage\":{\"@id\":\"https:\\\/\\\/mwm-homolog.com\\\/empresa\\\/#primaryimage\"},\"image\":{\"@id\":\"https:\\\/\\\/mwm-homolog.com\\\/empresa\\\/#primaryimage\"},\"thumbnailUrl\":\"https:\\\/\\\/mwm-homolog.com\\\/wp-content\\\/uploads\\\/2025\\\/07\\\/hero_institucionais_02.jpg\",\"datePublished\":\"2025-01-02T12:58:32+00:00\",\"dateModified\":\"2025-11-26T00:03:49+00:00\",\"description\":\"Empresa: Conhe\u00e7a a MWM, refer\u00eancia em solu\u00e7\u00f5es dos mais diversos segmentos e com mais de 70 anos de excel\u00eancia. Integrante do grupo Tupy.\",\"breadcrumb\":{\"@id\":\"https:\\\/\\\/mwm-homolog.com\\\/empresa\\\/#breadcrumb\"},\"inLanguage\":\"en-US\",\"potentialAction\":[{\"@type\":\"ReadAction\",\"target\":[\"https:\\\/\\\/mwm-homolog.com\\\/empresa\\\/\"]}]},{\"@type\":\"ImageObject\",\"inLanguage\":\"en-US\",\"@id\":\"https:\\\/\\\/mwm-homolog.com\\\/empresa\\\/#primaryimage\",\"url\":\"https:\\\/\\\/mwm-homolog.com\\\/wp-content\\\/uploads\\\/2025\\\/07\\\/hero_institucionais_02.jpg\",\"contentUrl\":\"https:\\\/\\\/mwm-homolog.com\\\/wp-content\\\/uploads\\\/2025\\\/07\\\/hero_institucionais_02.jpg\",\"width\":609,\"height\":600,\"caption\":\"Empresa\"},{\"@type\":\"BreadcrumbList\",\"@id\":\"https:\\\/\\\/mwm-homolog.com\\\/empresa\\\/#breadcrumb\",\"itemListElement\":[{\"@type\":\"ListItem\",\"position\":1,\"name\":\"Home\",\"item\":\"https:\\\/\\\/mwm-homolog.com\\\/\"},{\"@type\":\"ListItem\",\"position\":2,\"name\":\"A Empresa\"}]},{\"@type\":\"WebSite\",\"@id\":\"https:\\\/\\\/mwm-homolog.com\\\/#website\",\"url\":\"https:\\\/\\\/mwm-homolog.com\\\/\",\"name\":\"MWM - Home\",\"description\":\"Home\",\"publisher\":{\"@id\":\"https:\\\/\\\/mwm-homolog.com\\\/#organization\"},\"alternateName\":\"Home\",\"potentialAction\":[{\"@type\":\"SearchAction\",\"target\":{\"@type\":\"EntryPoint\",\"urlTemplate\":\"https:\\\/\\\/mwm-homolog.com\\\/?s={search_term_string}\"},\"query-input\":{\"@type\":\"PropertyValueSpecification\",\"valueRequired\":true,\"valueName\":\"search_term_string\"}}],\"inLanguage\":\"en-US\"},{\"@type\":\"Organization\",\"@id\":\"https:\\\/\\\/mwm-homolog.com\\\/#organization\",\"name\":\"MWM Motores e Geradores\",\"url\":\"https:\\\/\\\/mwm-homolog.com\\\/\",\"logo\":{\"@type\":\"ImageObject\",\"inLanguage\":\"en-US\",\"@id\":\"https:\\\/\\\/mwm-homolog.com\\\/#\\\/schema\\\/logo\\\/image\\\/\",\"url\":\"https:\\\/\\\/mwm-homolog.com\\\/wp-content\\\/uploads\\\/2025\\\/06\\\/Logo-2.png\",\"contentUrl\":\"https:\\\/\\\/mwm-homolog.com\\\/wp-content\\\/uploads\\\/2025\\\/06\\\/Logo-2.png\",\"width\":130,\"height\":57,\"caption\":\"MWM Motores e Geradores\"},\"image\":{\"@id\":\"https:\\\/\\\/mwm-homolog.com\\\/#\\\/schema\\\/logo\\\/image\\\/\"}}]}<\/script>\n<!-- \/ Yoast SEO Premium plugin. -->","yoast_head_json":{"title":"MWM Company: Excellence in the most diverse segments","description":"Company: Meet MWM, a reference in solutions for the most diverse segments and with over 70 years of excellence. Part of the Tupy group.","robots":{"index":"index","follow":"follow","max-snippet":"max-snippet:-1","max-image-preview":"max-image-preview:large","max-video-preview":"max-video-preview:-1"},"canonical":"https:\/\/mwm-homolog.com\/en\/enterprise\/","og_locale":"en_US","og_type":"article","og_title":"A Empresa","og_description":"Empresa: Conhe\u00e7a a MWM, refer\u00eancia em solu\u00e7\u00f5es dos mais diversos segmentos e com mais de 70 anos de excel\u00eancia. Integrante do grupo Tupy.","og_url":"https:\/\/mwm-homolog.com\/en\/enterprise\/","og_site_name":"MWM","article_modified_time":"2025-11-26T00:03:49+00:00","og_image":[{"width":609,"height":600,"url":"https:\/\/mwm-homolog.com\/wp-content\/uploads\/2025\/07\/hero_institucionais_02.jpg","type":"image\/jpeg"}],"twitter_card":"summary_large_image","twitter_misc":{"Est. reading time":"2 minutes"},"schema":{"@context":"https:\/\/schema.org","@graph":[{"@type":"WebPage","@id":"https:\/\/mwm-homolog.com\/empresa\/","url":"https:\/\/mwm-homolog.com\/empresa\/","name":"MWM Company: Excellence in the most diverse segments","isPartOf":{"@id":"https:\/\/mwm-homolog.com\/#website"},"primaryImageOfPage":{"@id":"https:\/\/mwm-homolog.com\/empresa\/#primaryimage"},"image":{"@id":"https:\/\/mwm-homolog.com\/empresa\/#primaryimage"},"thumbnailUrl":"https:\/\/mwm-homolog.com\/wp-content\/uploads\/2025\/07\/hero_institucionais_02.jpg","datePublished":"2025-01-02T12:58:32+00:00","dateModified":"2025-11-26T00:03:49+00:00","description":"Company: Meet MWM, a reference in solutions for the most diverse segments and with over 70 years of excellence. Part of the Tupy group.","breadcrumb":{"@id":"https:\/\/mwm-homolog.com\/empresa\/#breadcrumb"},"inLanguage":"en-US","potentialAction":[{"@type":"ReadAction","target":["https:\/\/mwm-homolog.com\/empresa\/"]}]},{"@type":"ImageObject","inLanguage":"en-US","@id":"https:\/\/mwm-homolog.com\/empresa\/#primaryimage","url":"https:\/\/mwm-homolog.com\/wp-content\/uploads\/2025\/07\/hero_institucionais_02.jpg","contentUrl":"https:\/\/mwm-homolog.com\/wp-content\/uploads\/2025\/07\/hero_institucionais_02.jpg","width":609,"height":600,"caption":"Empresa"},{"@type":"BreadcrumbList","@id":"https:\/\/mwm-homolog.com\/empresa\/#breadcrumb","itemListElement":[{"@type":"ListItem","position":1,"name":"Home","item":"https:\/\/mwm-homolog.com\/"},{"@type":"ListItem","position":2,"name":"A Empresa"}]},{"@type":"WebSite","@id":"https:\/\/mwm-homolog.com\/#website","url":"https:\/\/mwm-homolog.com\/","name":"MWM - Home","description":"Home","publisher":{"@id":"https:\/\/mwm-homolog.com\/#organization"},"alternateName":"Home","potentialAction":[{"@type":"SearchAction","target":{"@type":"EntryPoint","urlTemplate":"https:\/\/mwm-homolog.com\/?s={search_term_string}"},"query-input":{"@type":"PropertyValueSpecification","valueRequired":true,"valueName":"search_term_string"}}],"inLanguage":"en-US"},{"@type":"Organization","@id":"https:\/\/mwm-homolog.com\/#organization","name":"MWM Motors and Generators","url":"https:\/\/mwm-homolog.com\/","logo":{"@type":"ImageObject","inLanguage":"en-US","@id":"https:\/\/mwm-homolog.com\/#\/schema\/logo\/image\/","url":"https:\/\/mwm-homolog.com\/wp-content\/uploads\/2025\/06\/Logo-2.png","contentUrl":"https:\/\/mwm-homolog.com\/wp-content\/uploads\/2025\/06\/Logo-2.png","width":130,"height":57,"caption":"MWM Motores e Geradores"},"image":{"@id":"https:\/\/mwm-homolog.com\/#\/schema\/logo\/image\/"}}]}},"_links":{"self":[{"href":"https:\/\/mwm-homolog.com\/en\/wp-json\/wp\/v2\/pages\/16","targetHints":{"allow":["GET"]}}],"collection":[{"href":"https:\/\/mwm-homolog.com\/en\/wp-json\/wp\/v2\/pages"}],"about":[{"href":"https:\/\/mwm-homolog.com\/en\/wp-json\/wp\/v2\/types\/page"}],"author":[{"embeddable":true,"href":"https:\/\/mwm-homolog.com\/en\/wp-json\/wp\/v2\/users\/1"}],"replies":[{"embeddable":true,"href":"https:\/\/mwm-homolog.com\/en\/wp-json\/wp\/v2\/comments?post=16"}],"version-history":[{"count":10,"href":"https:\/\/mwm-homolog.com\/en\/wp-json\/wp\/v2\/pages\/16\/revisions"}],"predecessor-version":[{"id":2103,"href":"https:\/\/mwm-homolog.com\/en\/wp-json\/wp\/v2\/pages\/16\/revisions\/2103"}],"wp:featuredmedia":[{"embeddable":true,"href":"https:\/\/mwm-homolog.com\/en\/wp-json\/wp\/v2\/media\/1114"}],"wp:attachment":[{"href":"https:\/\/mwm-homolog.com\/en\/wp-json\/wp\/v2\/media?parent=16"}],"curies":[{"name":"wp","href":"https:\/\/api.w.org\/{rel}","templated":true}]}}