{"id":172,"date":"2025-01-14T21:40:33","date_gmt":"2025-01-15T00:40:33","guid":{"rendered":"https:\/\/mwm-homolog.com\/empresa\/garantia\/"},"modified":"2025-11-25T20:10:09","modified_gmt":"2025-11-25T23:10:09","slug":"guarantee","status":"publish","type":"page","link":"https:\/\/mwm-homolog.com\/en\/enterprise\/guarantee\/","title":{"rendered":"Guarantees"},"content":{"rendered":"<p>Learn more about our warranty policy.<\/p>","protected":false},"excerpt":{"rendered":"<p>Learn more about our warranty policy.<\/p>","protected":false},"author":2,"featured_media":1451,"parent":16,"menu_order":0,"comment_status":"closed","ping_status":"closed","template":"","meta":{"_acf_changed":false,"inline_featured_image":false,"slim_seo":{"title":"Garantias - MWM","description":"Learn more about our warranty policy."},"footnotes":""},"class_list":["post-172","page","type-page","status-publish","has-post-thumbnail","hentry"],"acf":[],"yoast_head":"<!-- This site is optimized with the Yoast SEO Premium plugin v26.4 (Yoast SEO v27.4) - https:\/\/yoast.com\/product\/yoast-seo-premium-wordpress\/ -->\n<title>Garantias<\/title>\n<meta name=\"description\" content=\"Os Motores e as Pe\u00e7as Genu\u00ednas MWM adquiridos por meio da Rede Autorizada possuem 1 (um) ano de garantia e as Pe\u00e7as Opcionais e Master Parts possuem 6 (seis) meses de garantia\" \/>\n<meta name=\"robots\" content=\"index, follow, max-snippet:-1, max-image-preview:large, max-video-preview:-1\" \/>\n<link rel=\"canonical\" href=\"https:\/\/mwm-homolog.com\/en\/enterprise\/guarantee\/\" \/>\n<meta property=\"og:locale\" content=\"en_US\" \/>\n<meta property=\"og:type\" content=\"article\" \/>\n<meta property=\"og:title\" content=\"Garantias\" \/>\n<meta property=\"og:description\" content=\"Os Motores e as Pe\u00e7as Genu\u00ednas MWM adquiridos por meio da Rede Autorizada possuem 1 (um) ano de garantia e as Pe\u00e7as Opcionais e Master Parts possuem 6 (seis) meses de garantia\" \/>\n<meta property=\"og:url\" content=\"https:\/\/mwm-homolog.com\/en\/enterprise\/guarantee\/\" \/>\n<meta property=\"og:site_name\" content=\"MWM\" \/>\n<meta property=\"article:modified_time\" content=\"2025-11-25T23:10:09+00:00\" \/>\n<meta property=\"og:image\" content=\"https:\/\/mwm-homolog.com\/wp-content\/uploads\/2025\/07\/hero_pecas-de-reposicao_20.jpg\" \/>\n\t<meta property=\"og:image:width\" content=\"609\" \/>\n\t<meta property=\"og:image:height\" content=\"600\" \/>\n\t<meta property=\"og:image:type\" content=\"image\/jpeg\" \/>\n<meta name=\"twitter:card\" content=\"summary_large_image\" \/>\n<meta name=\"twitter:label1\" content=\"Est. reading time\" \/>\n\t<meta name=\"twitter:data1\" content=\"1 minute\" \/>\n<script type=\"application\/ld+json\" class=\"yoast-schema-graph\">{\"@context\":\"https:\\\/\\\/schema.org\",\"@graph\":[{\"@type\":\"WebPage\",\"@id\":\"https:\\\/\\\/mwm-homolog.com\\\/empresa\\\/garantia\\\/\",\"url\":\"https:\\\/\\\/mwm-homolog.com\\\/empresa\\\/garantia\\\/\",\"name\":\"Garantias\",\"isPartOf\":{\"@id\":\"https:\\\/\\\/mwm-homolog.com\\\/#website\"},\"primaryImageOfPage\":{\"@id\":\"https:\\\/\\\/mwm-homolog.com\\\/empresa\\\/garantia\\\/#primaryimage\"},\"image\":{\"@id\":\"https:\\\/\\\/mwm-homolog.com\\\/empresa\\\/garantia\\\/#primaryimage\"},\"thumbnailUrl\":\"https:\\\/\\\/mwm-homolog.com\\\/wp-content\\\/uploads\\\/2025\\\/07\\\/hero_pecas-de-reposicao_20.jpg\",\"datePublished\":\"2025-01-15T00:40:33+00:00\",\"dateModified\":\"2025-11-25T23:10:09+00:00\",\"description\":\"Os Motores e as Pe\u00e7as Genu\u00ednas MWM adquiridos por meio da Rede Autorizada possuem 1 (um) ano de garantia e as Pe\u00e7as Opcionais e Master Parts possuem 6 (seis) meses de garantia\",\"breadcrumb\":{\"@id\":\"https:\\\/\\\/mwm-homolog.com\\\/empresa\\\/garantia\\\/#breadcrumb\"},\"inLanguage\":\"en-US\",\"potentialAction\":[{\"@type\":\"ReadAction\",\"target\":[\"https:\\\/\\\/mwm-homolog.com\\\/empresa\\\/garantia\\\/\"]}]},{\"@type\":\"ImageObject\",\"inLanguage\":\"en-US\",\"@id\":\"https:\\\/\\\/mwm-homolog.com\\\/empresa\\\/garantia\\\/#primaryimage\",\"url\":\"https:\\\/\\\/mwm-homolog.com\\\/wp-content\\\/uploads\\\/2025\\\/07\\\/hero_pecas-de-reposicao_20.jpg\",\"contentUrl\":\"https:\\\/\\\/mwm-homolog.com\\\/wp-content\\\/uploads\\\/2025\\\/07\\\/hero_pecas-de-reposicao_20.jpg\",\"width\":609,\"height\":600},{\"@type\":\"BreadcrumbList\",\"@id\":\"https:\\\/\\\/mwm-homolog.com\\\/empresa\\\/garantia\\\/#breadcrumb\",\"itemListElement\":[{\"@type\":\"ListItem\",\"position\":1,\"name\":\"Home\",\"item\":\"https:\\\/\\\/mwm-homolog.com\\\/\"},{\"@type\":\"ListItem\",\"position\":2,\"name\":\"A Empresa\",\"item\":\"https:\\\/\\\/mwm-homolog.com\\\/empresa\\\/\"},{\"@type\":\"ListItem\",\"position\":3,\"name\":\"Garantias\"}]},{\"@type\":\"WebSite\",\"@id\":\"https:\\\/\\\/mwm-homolog.com\\\/#website\",\"url\":\"https:\\\/\\\/mwm-homolog.com\\\/\",\"name\":\"MWM - Home\",\"description\":\"Home\",\"publisher\":{\"@id\":\"https:\\\/\\\/mwm-homolog.com\\\/#organization\"},\"alternateName\":\"Home\",\"potentialAction\":[{\"@type\":\"SearchAction\",\"target\":{\"@type\":\"EntryPoint\",\"urlTemplate\":\"https:\\\/\\\/mwm-homolog.com\\\/?s={search_term_string}\"},\"query-input\":{\"@type\":\"PropertyValueSpecification\",\"valueRequired\":true,\"valueName\":\"search_term_string\"}}],\"inLanguage\":\"en-US\"},{\"@type\":\"Organization\",\"@id\":\"https:\\\/\\\/mwm-homolog.com\\\/#organization\",\"name\":\"MWM Motores e Geradores\",\"url\":\"https:\\\/\\\/mwm-homolog.com\\\/\",\"logo\":{\"@type\":\"ImageObject\",\"inLanguage\":\"en-US\",\"@id\":\"https:\\\/\\\/mwm-homolog.com\\\/#\\\/schema\\\/logo\\\/image\\\/\",\"url\":\"https:\\\/\\\/mwm-homolog.com\\\/wp-content\\\/uploads\\\/2025\\\/06\\\/Logo-2.png\",\"contentUrl\":\"https:\\\/\\\/mwm-homolog.com\\\/wp-content\\\/uploads\\\/2025\\\/06\\\/Logo-2.png\",\"width\":130,\"height\":57,\"caption\":\"MWM Motores e Geradores\"},\"image\":{\"@id\":\"https:\\\/\\\/mwm-homolog.com\\\/#\\\/schema\\\/logo\\\/image\\\/\"}}]}<\/script>\n<!-- \/ Yoast SEO Premium plugin. -->","yoast_head_json":{"title":"Guarantees","description":"Os Motores e as Pe\u00e7as Genu\u00ednas MWM adquiridos por meio da Rede Autorizada possuem 1 (um) ano de garantia e as Pe\u00e7as Opcionais e Master Parts possuem 6 (seis) meses de garantia","robots":{"index":"index","follow":"follow","max-snippet":"max-snippet:-1","max-image-preview":"max-image-preview:large","max-video-preview":"max-video-preview:-1"},"canonical":"https:\/\/mwm-homolog.com\/en\/enterprise\/guarantee\/","og_locale":"en_US","og_type":"article","og_title":"Garantias","og_description":"Os Motores e as Pe\u00e7as Genu\u00ednas MWM adquiridos por meio da Rede Autorizada possuem 1 (um) ano de garantia e as Pe\u00e7as Opcionais e Master Parts possuem 6 (seis) meses de garantia","og_url":"https:\/\/mwm-homolog.com\/en\/enterprise\/guarantee\/","og_site_name":"MWM","article_modified_time":"2025-11-25T23:10:09+00:00","og_image":[{"width":609,"height":600,"url":"https:\/\/mwm-homolog.com\/wp-content\/uploads\/2025\/07\/hero_pecas-de-reposicao_20.jpg","type":"image\/jpeg"}],"twitter_card":"summary_large_image","twitter_misc":{"Est. reading time":"1 minute"},"schema":{"@context":"https:\/\/schema.org","@graph":[{"@type":"WebPage","@id":"https:\/\/mwm-homolog.com\/empresa\/garantia\/","url":"https:\/\/mwm-homolog.com\/empresa\/garantia\/","name":"Guarantees","isPartOf":{"@id":"https:\/\/mwm-homolog.com\/#website"},"primaryImageOfPage":{"@id":"https:\/\/mwm-homolog.com\/empresa\/garantia\/#primaryimage"},"image":{"@id":"https:\/\/mwm-homolog.com\/empresa\/garantia\/#primaryimage"},"thumbnailUrl":"https:\/\/mwm-homolog.com\/wp-content\/uploads\/2025\/07\/hero_pecas-de-reposicao_20.jpg","datePublished":"2025-01-15T00:40:33+00:00","dateModified":"2025-11-25T23:10:09+00:00","description":"Os Motores e as Pe\u00e7as Genu\u00ednas MWM adquiridos por meio da Rede Autorizada possuem 1 (um) ano de garantia e as Pe\u00e7as Opcionais e Master Parts possuem 6 (seis) meses de garantia","breadcrumb":{"@id":"https:\/\/mwm-homolog.com\/empresa\/garantia\/#breadcrumb"},"inLanguage":"en-US","potentialAction":[{"@type":"ReadAction","target":["https:\/\/mwm-homolog.com\/empresa\/garantia\/"]}]},{"@type":"ImageObject","inLanguage":"en-US","@id":"https:\/\/mwm-homolog.com\/empresa\/garantia\/#primaryimage","url":"https:\/\/mwm-homolog.com\/wp-content\/uploads\/2025\/07\/hero_pecas-de-reposicao_20.jpg","contentUrl":"https:\/\/mwm-homolog.com\/wp-content\/uploads\/2025\/07\/hero_pecas-de-reposicao_20.jpg","width":609,"height":600},{"@type":"BreadcrumbList","@id":"https:\/\/mwm-homolog.com\/empresa\/garantia\/#breadcrumb","itemListElement":[{"@type":"ListItem","position":1,"name":"Home","item":"https:\/\/mwm-homolog.com\/"},{"@type":"ListItem","position":2,"name":"A Empresa","item":"https:\/\/mwm-homolog.com\/empresa\/"},{"@type":"ListItem","position":3,"name":"Garantias"}]},{"@type":"WebSite","@id":"https:\/\/mwm-homolog.com\/#website","url":"https:\/\/mwm-homolog.com\/","name":"MWM - Home","description":"Home","publisher":{"@id":"https:\/\/mwm-homolog.com\/#organization"},"alternateName":"Home","potentialAction":[{"@type":"SearchAction","target":{"@type":"EntryPoint","urlTemplate":"https:\/\/mwm-homolog.com\/?s={search_term_string}"},"query-input":{"@type":"PropertyValueSpecification","valueRequired":true,"valueName":"search_term_string"}}],"inLanguage":"en-US"},{"@type":"Organization","@id":"https:\/\/mwm-homolog.com\/#organization","name":"MWM Motors and Generators","url":"https:\/\/mwm-homolog.com\/","logo":{"@type":"ImageObject","inLanguage":"en-US","@id":"https:\/\/mwm-homolog.com\/#\/schema\/logo\/image\/","url":"https:\/\/mwm-homolog.com\/wp-content\/uploads\/2025\/06\/Logo-2.png","contentUrl":"https:\/\/mwm-homolog.com\/wp-content\/uploads\/2025\/06\/Logo-2.png","width":130,"height":57,"caption":"MWM Motores e Geradores"},"image":{"@id":"https:\/\/mwm-homolog.com\/#\/schema\/logo\/image\/"}}]}},"_links":{"self":[{"href":"https:\/\/mwm-homolog.com\/en\/wp-json\/wp\/v2\/pages\/172","targetHints":{"allow":["GET"]}}],"collection":[{"href":"https:\/\/mwm-homolog.com\/en\/wp-json\/wp\/v2\/pages"}],"about":[{"href":"https:\/\/mwm-homolog.com\/en\/wp-json\/wp\/v2\/types\/page"}],"author":[{"embeddable":true,"href":"https:\/\/mwm-homolog.com\/en\/wp-json\/wp\/v2\/users\/2"}],"replies":[{"embeddable":true,"href":"https:\/\/mwm-homolog.com\/en\/wp-json\/wp\/v2\/comments?post=172"}],"version-history":[{"count":1,"href":"https:\/\/mwm-homolog.com\/en\/wp-json\/wp\/v2\/pages\/172\/revisions"}],"predecessor-version":[{"id":1112,"href":"https:\/\/mwm-homolog.com\/en\/wp-json\/wp\/v2\/pages\/172\/revisions\/1112"}],"up":[{"embeddable":true,"href":"https:\/\/mwm-homolog.com\/en\/wp-json\/wp\/v2\/pages\/16"}],"wp:featuredmedia":[{"embeddable":true,"href":"https:\/\/mwm-homolog.com\/en\/wp-json\/wp\/v2\/media\/1451"}],"wp:attachment":[{"href":"https:\/\/mwm-homolog.com\/en\/wp-json\/wp\/v2\/media?parent=172"}],"curies":[{"name":"wp","href":"https:\/\/api.w.org\/{rel}","templated":true}]}}