{"id":1260,"date":"2025-07-15T11:20:56","date_gmt":"2025-07-15T14:20:56","guid":{"rendered":"https:\/\/mwm-homolog.com\/?post_type=product&#038;p=1260"},"modified":"2025-07-21T18:15:15","modified_gmt":"2025-07-21T21:15:15","slug":"rabetas-mwm-konrad-serie-600-robustez-e-confiabilidade","status":"publish","type":"product","link":"https:\/\/mwm-homolog.com\/pt\/produto\/rabetas-mwm-konrad-serie-600-robustez-e-confiabilidade\/","title":{"rendered":"Rabetas MWM Konrad S\u00e9rie 600 &#8211; Robustez e Confiabilidade"},"content":{"rendered":"","protected":false},"excerpt":{"rendered":"<p>A S\u00e9rie 600 de rabetas MWM\/Konrad destaca-se pela sua robustez e confiabilidade. Resultado da parceria entre MWM e Konrad, esta s\u00e9rie atende a uma ampla gama de aplica\u00e7\u00f5es. A tecnologia exclusiva HTGT otimiza o balanceamento e minimiza vibra\u00e7\u00f5es, al\u00e9m de oferecer rela\u00e7\u00f5es de transmiss\u00e3o variadas e di\u00e2metros de h\u00e9lice adapt\u00e1veis \u00e0s necessidades espec\u00edficas de cada embarca\u00e7\u00e3o.<\/p>\n","protected":false},"featured_media":1547,"comment_status":"open","ping_status":"closed","template":"","meta":{"_acf_changed":false,"inline_featured_image":false,"slim_seo":{"title":"Rabetas MWM Konrad S\u00e9rie 600 - Robustez e Confiabilidade - MWM","description":"A S\u00e9rie 600 de rabetas MWM\/Konrad destaca-se pela sua robustez e confiabilidade. Resultado da parceria entre MWM e Konrad, esta s\u00e9rie atende a uma ampla gama de"}},"product_brand":[],"product_cat":[68],"product_tag":[],"class_list":{"0":"post-1260","1":"product","2":"type-product","3":"status-publish","4":"has-post-thumbnail","6":"product_cat-rabetas","8":"first","9":"instock","10":"shipping-taxable","11":"product-type-simple"},"acf":[],"yoast_head":"<!-- This site is optimized with the Yoast SEO Premium plugin v26.4 (Yoast SEO v27.4) - https:\/\/yoast.com\/product\/yoast-seo-premium-wordpress\/ -->\n<title>Rabetas MWM Konrad S\u00e9rie 600 - Robustez e Confiabilidade<\/title>\n<meta name=\"robots\" content=\"index, follow, max-snippet:-1, max-image-preview:large, max-video-preview:-1\" \/>\n<link rel=\"canonical\" href=\"https:\/\/mwm-homolog.com\/pt\/produto\/rabetas-mwm-konrad-serie-600-robustez-e-confiabilidade\/\" \/>\n<meta property=\"og:locale\" content=\"pt_BR\" \/>\n<meta property=\"og:type\" content=\"article\" \/>\n<meta property=\"og:title\" content=\"Rabetas MWM Konrad S\u00e9rie 600 - Robustez e Confiabilidade\" \/>\n<meta property=\"og:description\" content=\"A S\u00e9rie 600 de rabetas MWM\/Konrad destaca-se pela sua robustez e confiabilidade. Resultado da parceria entre MWM e Konrad, esta s\u00e9rie atende a uma ampla gama de aplica\u00e7\u00f5es. A tecnologia exclusiva HTGT otimiza o balanceamento e minimiza vibra\u00e7\u00f5es, al\u00e9m de oferecer rela\u00e7\u00f5es de transmiss\u00e3o variadas e di\u00e2metros de h\u00e9lice adapt\u00e1veis \u00e0s necessidades espec\u00edficas de cada embarca\u00e7\u00e3o.\" \/>\n<meta property=\"og:url\" content=\"https:\/\/mwm-homolog.com\/pt\/produto\/rabetas-mwm-konrad-serie-600-robustez-e-confiabilidade\/\" \/>\n<meta property=\"og:site_name\" content=\"MWM\" \/>\n<meta property=\"article:modified_time\" content=\"2025-07-21T21:15:15+00:00\" \/>\n<meta property=\"og:image\" content=\"https:\/\/mwm-homolog.com\/wp-content\/uploads\/2025\/07\/lista_rabeta_serie-600@2x.jpg\" \/>\n\t<meta property=\"og:image:width\" content=\"2080\" \/>\n\t<meta property=\"og:image:height\" content=\"884\" \/>\n\t<meta property=\"og:image:type\" content=\"image\/jpeg\" \/>\n<meta name=\"twitter:card\" content=\"summary_large_image\" \/>\n<meta name=\"twitter:label1\" content=\"Est. tempo de leitura\" \/>\n\t<meta name=\"twitter:data1\" content=\"1 minuto\" \/>\n<script type=\"application\/ld+json\" class=\"yoast-schema-graph\">{\"@context\":\"https:\\\/\\\/schema.org\",\"@graph\":[{\"@type\":\"WebPage\",\"@id\":\"https:\\\/\\\/mwm-homolog.com\\\/produto\\\/rabetas-mwm-konrad-serie-600-robustez-e-confiabilidade\\\/\",\"url\":\"https:\\\/\\\/mwm-homolog.com\\\/produto\\\/rabetas-mwm-konrad-serie-600-robustez-e-confiabilidade\\\/\",\"name\":\"Rabetas MWM Konrad S\u00e9rie 600 - Robustez e Confiabilidade\",\"isPartOf\":{\"@id\":\"https:\\\/\\\/mwm-homolog.com\\\/#website\"},\"primaryImageOfPage\":{\"@id\":\"https:\\\/\\\/mwm-homolog.com\\\/produto\\\/rabetas-mwm-konrad-serie-600-robustez-e-confiabilidade\\\/#primaryimage\"},\"image\":{\"@id\":\"https:\\\/\\\/mwm-homolog.com\\\/produto\\\/rabetas-mwm-konrad-serie-600-robustez-e-confiabilidade\\\/#primaryimage\"},\"thumbnailUrl\":\"https:\\\/\\\/mwm-homolog.com\\\/wp-content\\\/uploads\\\/2025\\\/07\\\/lista_rabeta_serie-600@2x.jpg\",\"datePublished\":\"2025-07-15T14:20:56+00:00\",\"dateModified\":\"2025-07-21T21:15:15+00:00\",\"breadcrumb\":{\"@id\":\"https:\\\/\\\/mwm-homolog.com\\\/produto\\\/rabetas-mwm-konrad-serie-600-robustez-e-confiabilidade\\\/#breadcrumb\"},\"inLanguage\":\"pt-BR\",\"potentialAction\":[{\"@type\":\"ReadAction\",\"target\":[\"https:\\\/\\\/mwm-homolog.com\\\/produto\\\/rabetas-mwm-konrad-serie-600-robustez-e-confiabilidade\\\/\"]}]},{\"@type\":\"ImageObject\",\"inLanguage\":\"pt-BR\",\"@id\":\"https:\\\/\\\/mwm-homolog.com\\\/produto\\\/rabetas-mwm-konrad-serie-600-robustez-e-confiabilidade\\\/#primaryimage\",\"url\":\"https:\\\/\\\/mwm-homolog.com\\\/wp-content\\\/uploads\\\/2025\\\/07\\\/lista_rabeta_serie-600@2x.jpg\",\"contentUrl\":\"https:\\\/\\\/mwm-homolog.com\\\/wp-content\\\/uploads\\\/2025\\\/07\\\/lista_rabeta_serie-600@2x.jpg\",\"width\":2080,\"height\":884},{\"@type\":\"BreadcrumbList\",\"@id\":\"https:\\\/\\\/mwm-homolog.com\\\/produto\\\/rabetas-mwm-konrad-serie-600-robustez-e-confiabilidade\\\/#breadcrumb\",\"itemListElement\":[{\"@type\":\"ListItem\",\"position\":1,\"name\":\"Home\",\"item\":\"https:\\\/\\\/mwm-homolog.com\\\/\"},{\"@type\":\"ListItem\",\"position\":2,\"name\":\"Loja\",\"item\":\"https:\\\/\\\/mwm-homolog.com\\\/loja\\\/\"},{\"@type\":\"ListItem\",\"position\":3,\"name\":\"Rabetas MWM Konrad S\u00e9rie 600 &#8211; Robustez e Confiabilidade\"}]},{\"@type\":\"WebSite\",\"@id\":\"https:\\\/\\\/mwm-homolog.com\\\/#website\",\"url\":\"https:\\\/\\\/mwm-homolog.com\\\/\",\"name\":\"MWM - Home\",\"description\":\"Home\",\"publisher\":{\"@id\":\"https:\\\/\\\/mwm-homolog.com\\\/#organization\"},\"alternateName\":\"Home\",\"potentialAction\":[{\"@type\":\"SearchAction\",\"target\":{\"@type\":\"EntryPoint\",\"urlTemplate\":\"https:\\\/\\\/mwm-homolog.com\\\/?s={search_term_string}\"},\"query-input\":{\"@type\":\"PropertyValueSpecification\",\"valueRequired\":true,\"valueName\":\"search_term_string\"}}],\"inLanguage\":\"pt-BR\"},{\"@type\":\"Organization\",\"@id\":\"https:\\\/\\\/mwm-homolog.com\\\/#organization\",\"name\":\"MWM Motores e Geradores\",\"url\":\"https:\\\/\\\/mwm-homolog.com\\\/\",\"logo\":{\"@type\":\"ImageObject\",\"inLanguage\":\"pt-BR\",\"@id\":\"https:\\\/\\\/mwm-homolog.com\\\/#\\\/schema\\\/logo\\\/image\\\/\",\"url\":\"https:\\\/\\\/mwm-homolog.com\\\/wp-content\\\/uploads\\\/2025\\\/06\\\/Logo-2.png\",\"contentUrl\":\"https:\\\/\\\/mwm-homolog.com\\\/wp-content\\\/uploads\\\/2025\\\/06\\\/Logo-2.png\",\"width\":130,\"height\":57,\"caption\":\"MWM Motores e Geradores\"},\"image\":{\"@id\":\"https:\\\/\\\/mwm-homolog.com\\\/#\\\/schema\\\/logo\\\/image\\\/\"}}]}<\/script>\n<!-- \/ Yoast SEO Premium plugin. -->","yoast_head_json":{"title":"Rabetas MWM Konrad S\u00e9rie 600 - Robustez e Confiabilidade","robots":{"index":"index","follow":"follow","max-snippet":"max-snippet:-1","max-image-preview":"max-image-preview:large","max-video-preview":"max-video-preview:-1"},"canonical":"https:\/\/mwm-homolog.com\/pt\/produto\/rabetas-mwm-konrad-serie-600-robustez-e-confiabilidade\/","og_locale":"pt_BR","og_type":"article","og_title":"Rabetas MWM Konrad S\u00e9rie 600 - Robustez e Confiabilidade","og_description":"A S\u00e9rie 600 de rabetas MWM\/Konrad destaca-se pela sua robustez e confiabilidade. Resultado da parceria entre MWM e Konrad, esta s\u00e9rie atende a uma ampla gama de aplica\u00e7\u00f5es. A tecnologia exclusiva HTGT otimiza o balanceamento e minimiza vibra\u00e7\u00f5es, al\u00e9m de oferecer rela\u00e7\u00f5es de transmiss\u00e3o variadas e di\u00e2metros de h\u00e9lice adapt\u00e1veis \u00e0s necessidades espec\u00edficas de cada embarca\u00e7\u00e3o.","og_url":"https:\/\/mwm-homolog.com\/pt\/produto\/rabetas-mwm-konrad-serie-600-robustez-e-confiabilidade\/","og_site_name":"MWM","article_modified_time":"2025-07-21T21:15:15+00:00","og_image":[{"width":2080,"height":884,"url":"https:\/\/mwm-homolog.com\/wp-content\/uploads\/2025\/07\/lista_rabeta_serie-600@2x.jpg","type":"image\/jpeg"}],"twitter_card":"summary_large_image","twitter_misc":{"Est. tempo de leitura":"1 minuto"},"schema":{"@context":"https:\/\/schema.org","@graph":[{"@type":"WebPage","@id":"https:\/\/mwm-homolog.com\/produto\/rabetas-mwm-konrad-serie-600-robustez-e-confiabilidade\/","url":"https:\/\/mwm-homolog.com\/produto\/rabetas-mwm-konrad-serie-600-robustez-e-confiabilidade\/","name":"Rabetas MWM Konrad S\u00e9rie 600 - Robustez e Confiabilidade","isPartOf":{"@id":"https:\/\/mwm-homolog.com\/#website"},"primaryImageOfPage":{"@id":"https:\/\/mwm-homolog.com\/produto\/rabetas-mwm-konrad-serie-600-robustez-e-confiabilidade\/#primaryimage"},"image":{"@id":"https:\/\/mwm-homolog.com\/produto\/rabetas-mwm-konrad-serie-600-robustez-e-confiabilidade\/#primaryimage"},"thumbnailUrl":"https:\/\/mwm-homolog.com\/wp-content\/uploads\/2025\/07\/lista_rabeta_serie-600@2x.jpg","datePublished":"2025-07-15T14:20:56+00:00","dateModified":"2025-07-21T21:15:15+00:00","breadcrumb":{"@id":"https:\/\/mwm-homolog.com\/produto\/rabetas-mwm-konrad-serie-600-robustez-e-confiabilidade\/#breadcrumb"},"inLanguage":"pt-BR","potentialAction":[{"@type":"ReadAction","target":["https:\/\/mwm-homolog.com\/produto\/rabetas-mwm-konrad-serie-600-robustez-e-confiabilidade\/"]}]},{"@type":"ImageObject","inLanguage":"pt-BR","@id":"https:\/\/mwm-homolog.com\/produto\/rabetas-mwm-konrad-serie-600-robustez-e-confiabilidade\/#primaryimage","url":"https:\/\/mwm-homolog.com\/wp-content\/uploads\/2025\/07\/lista_rabeta_serie-600@2x.jpg","contentUrl":"https:\/\/mwm-homolog.com\/wp-content\/uploads\/2025\/07\/lista_rabeta_serie-600@2x.jpg","width":2080,"height":884},{"@type":"BreadcrumbList","@id":"https:\/\/mwm-homolog.com\/produto\/rabetas-mwm-konrad-serie-600-robustez-e-confiabilidade\/#breadcrumb","itemListElement":[{"@type":"ListItem","position":1,"name":"Home","item":"https:\/\/mwm-homolog.com\/"},{"@type":"ListItem","position":2,"name":"Loja","item":"https:\/\/mwm-homolog.com\/loja\/"},{"@type":"ListItem","position":3,"name":"Rabetas MWM Konrad S\u00e9rie 600 &#8211; Robustez e Confiabilidade"}]},{"@type":"WebSite","@id":"https:\/\/mwm-homolog.com\/#website","url":"https:\/\/mwm-homolog.com\/","name":"MWM - Home","description":"Home","publisher":{"@id":"https:\/\/mwm-homolog.com\/#organization"},"alternateName":"Home","potentialAction":[{"@type":"SearchAction","target":{"@type":"EntryPoint","urlTemplate":"https:\/\/mwm-homolog.com\/?s={search_term_string}"},"query-input":{"@type":"PropertyValueSpecification","valueRequired":true,"valueName":"search_term_string"}}],"inLanguage":"pt-BR"},{"@type":"Organization","@id":"https:\/\/mwm-homolog.com\/#organization","name":"MWM Motores e Geradores","url":"https:\/\/mwm-homolog.com\/","logo":{"@type":"ImageObject","inLanguage":"pt-BR","@id":"https:\/\/mwm-homolog.com\/#\/schema\/logo\/image\/","url":"https:\/\/mwm-homolog.com\/wp-content\/uploads\/2025\/06\/Logo-2.png","contentUrl":"https:\/\/mwm-homolog.com\/wp-content\/uploads\/2025\/06\/Logo-2.png","width":130,"height":57,"caption":"MWM Motores e Geradores"},"image":{"@id":"https:\/\/mwm-homolog.com\/#\/schema\/logo\/image\/"}}]}},"_links":{"self":[{"href":"https:\/\/mwm-homolog.com\/pt\/wp-json\/wp\/v2\/product\/1260","targetHints":{"allow":["GET"]}}],"collection":[{"href":"https:\/\/mwm-homolog.com\/pt\/wp-json\/wp\/v2\/product"}],"about":[{"href":"https:\/\/mwm-homolog.com\/pt\/wp-json\/wp\/v2\/types\/product"}],"replies":[{"embeddable":true,"href":"https:\/\/mwm-homolog.com\/pt\/wp-json\/wp\/v2\/comments?post=1260"}],"wp:featuredmedia":[{"embeddable":true,"href":"https:\/\/mwm-homolog.com\/pt\/wp-json\/wp\/v2\/media\/1547"}],"wp:attachment":[{"href":"https:\/\/mwm-homolog.com\/pt\/wp-json\/wp\/v2\/media?parent=1260"}],"wp:term":[{"taxonomy":"product_brand","embeddable":true,"href":"https:\/\/mwm-homolog.com\/pt\/wp-json\/wp\/v2\/product_brand?post=1260"},{"taxonomy":"product_cat","embeddable":true,"href":"https:\/\/mwm-homolog.com\/pt\/wp-json\/wp\/v2\/product_cat?post=1260"},{"taxonomy":"product_tag","embeddable":true,"href":"https:\/\/mwm-homolog.com\/pt\/wp-json\/wp\/v2\/product_tag?post=1260"}],"curies":[{"name":"wp","href":"https:\/\/api.w.org\/{rel}","templated":true}]}}